{"id":405,"date":"2021-07-29T12:32:55","date_gmt":"2021-07-29T10:32:55","guid":{"rendered":"https:\/\/misscatou.fr\/?p=405"},"modified":"2021-07-29T12:32:55","modified_gmt":"2021-07-29T10:32:55","slug":"projeter-ses-patrons-de-couture","status":"publish","type":"page","link":"https:\/\/www.misscatou.fr\/index.php\/machines-3\/materiel\/projeter-ses-patrons-de-couture\/","title":{"rendered":"Projection des patrons de couture \ud83d\udcbb"},"content":{"rendered":"\n<p>Vous en avez assez d&#8217;imprimer des patrons et de passer vos soir\u00e9es \u00e0 les assembler ? Sans parler de les recopier si vous souhaitez conserver les diff\u00e9rentes tailles et ajouter les marges de couture. Vous manquez de place pour stocker tout \u00e7a ? C&#8217;est le moment de basculer dans le monde num\u00e9rique de la couture ! <\/p>\n\n\n\n<h2 class=\"wp-block-heading\">La vid\u00e9oprojection des patrons de couture, de quoi s&#8217;agit-il exactement ?  <\/h2>\n\n\n\n<p>C&#8217;est tout simple, on oublie <strong>compl\u00e8tement<\/strong> le papier. Le patron de couture est affich\u00e9 directement sur sa table de d\u00e9coupe. C&#8217;est g\u00e9nial ! \ud83d\ude0d<\/p>\n\n\n\n<h5 class=\"wp-block-heading\">Quel mat\u00e9riel pr\u00e9voir ? <\/h5>\n\n\n\n<ul class=\"wp-block-list\"><li>Un vid\u00e9oprojecteur <\/li><li>Un c\u00e2ble HDMI pour le relier \u00e0 son PC (Miracast possible selon le PC et Vid\u00e9oprojecteur)<\/li><li>Un tapis de d\u00e9coupe<\/li><li>Un cutter rotatif (Mon pr\u00e9f\u00e9r\u00e9 est le clover 28mm)<\/li><\/ul>\n\n\n\n<h5 class=\"wp-block-heading\">Quelles questions se poser ? <\/h5>\n\n\n\n<ul class=\"wp-block-list\"><li>Ai-je la possibilit\u00e9 de fixer le vid\u00e9oprojecteur au plafond ? <\/li><li>Quel vid\u00e9oprojecteur choisir ? Quel budget pr\u00e9voir ?  <\/li><li>Est-ce simple \u00e0 l&#8217;utilisation ? Quel logiciel utiliser ? <\/li><\/ul>\n\n\n\n<p>J&#8217;ai retenu pour mon installation la fixation au plafond. J&#8217;ai une pi\u00e8ce pour coudre et je n&#8217;ai pas besoin d&#8217;une installation mobile. Si vous disposez d&#8217;une faible hauteur sous plafond et d&#8217;un espace limit\u00e9, il faudra vous orienter vers un vid\u00e9oprojecteur \u00e0 courte focale (UST). La surface projet\u00e9e est grande avec un projecteur pos\u00e9 sur une table de salon par exemple. Le prix n&#8217;est clairement pas le m\u00eame en neuf (environ 500 \u20ac), le recours \u00e0 l&#8217;occasion est une possibilit\u00e9 int\u00e9ressante.  <\/p>\n\n\n\n<p>Mon choix s&#8217;est arr\u00eat\u00e9 sur un vid\u00e9oprojecteur classique: le Vivimage Explore 2, dans les 115 \u20ac selon les promotions du moment. Il r\u00e9pondait au crit\u00e8re d&#8217;une r\u00e9solution <strong>native<\/strong> de minimum 1280\u00d7720.  <a href=\"https:\/\/www.cdiscount.com\/high-tech\/televiseurs\/mini-wifi-videoprojecteur-vivimage-explore-2-pro\/f-1062603-auc0793420002043.html\" target=\"_blank\" rel=\"noreferrer noopener\">https:\/\/www.cdiscount.com\/high-tech\/televiseurs\/mini-wifi-videoprojecteur-vivimage-explore-2-pro\/f-1062603-auc0793420002043.html<\/a><\/p>\n\n\n\n<p>C\u00f4t\u00e9 support et pour garantir une fixation \u00e0 l&#8217;\u00e9querre, j&#8217;ai opt\u00e9 pour un support maison avec une chute de planche. Par s\u00e9curit\u00e9, j&#8217;ai pr\u00e9f\u00e9r\u00e9 aussi ajouter un serre c\u00e2ble en plastique. <\/p>\n\n\n\n<figure class=\"wp-block-gallery columns-3 is-cropped wp-block-gallery-1 is-layout-flex wp-block-gallery-is-layout-flex\"><ul class=\"blocks-gallery-grid\"><li class=\"blocks-gallery-item\"><figure><img decoding=\"async\" src=\"https:\/\/misscatou.fr\/wp-content\/uploads\/2021\/07\/IMG_3442-1024x768.jpeg\" alt=\"\" data-id=\"407\" data-full-url=\"https:\/\/misscatou.fr\/wp-content\/uploads\/2021\/07\/IMG_3442.jpeg\" data-link=\"https:\/\/misscatou.fr\/?attachment_id=407\" class=\"wp-image-407\"\/><\/figure><\/li><li class=\"blocks-gallery-item\"><figure><img decoding=\"async\" src=\"https:\/\/misscatou.fr\/wp-content\/uploads\/2021\/07\/IMG_3578-768x1024.jpeg\" alt=\"\" data-id=\"410\" data-full-url=\"https:\/\/misscatou.fr\/wp-content\/uploads\/2021\/07\/IMG_3578.jpeg\" data-link=\"https:\/\/misscatou.fr\/?attachment_id=410\" class=\"wp-image-410\"\/><\/figure><\/li><li class=\"blocks-gallery-item\"><figure><img decoding=\"async\" src=\"https:\/\/misscatou.fr\/wp-content\/uploads\/2021\/07\/IMG_3583-768x1024.jpeg\" alt=\"\" data-id=\"411\" data-full-url=\"https:\/\/misscatou.fr\/wp-content\/uploads\/2021\/07\/IMG_3583.jpeg\" data-link=\"https:\/\/misscatou.fr\/?attachment_id=411\" class=\"wp-image-411\"\/><\/figure><\/li><\/ul><\/figure>\n\n\n\n<h2 class=\"wp-block-heading\">Apr\u00e8s l&#8217;installation, la calibration <\/h2>\n\n\n\n<p>A quoi sert cette \u00e9tape ? A s&#8217;assurer que sa projection est correcte (des rectangles et non des trap\u00e8zes) et d\u00e9finir un zoom de projection pour respecter les dimensions du futur patron projet\u00e9. Avec mon installation fixe, la calibration n&#8217;a \u00e9t\u00e9 faite qu&#8217;une seule fois. <\/p>\n\n\n\n<p>Concr\u00e8tement, on projette un fichier de gabarit via Adobe Acrobat Reader DC (gratuit), on le bascule en plein \u00e9cran (Ctrl + L) et on teste le pourcentage de Zoom (Ctrl +Y) afin que les dimensions affich\u00e9es correspondent bien \u00e0 la r\u00e9alit\u00e9 du tapis.<\/p>\n\n\n\n<p> Dans mon cas, je projette \u00e0 32,50 % de zoom.  <\/p>\n\n\n\n<figure class=\"wp-block-gallery columns-1 is-cropped wp-block-gallery-2 is-layout-flex wp-block-gallery-is-layout-flex\"><ul class=\"blocks-gallery-grid\"><li class=\"blocks-gallery-item\"><figure><img decoding=\"async\" src=\"https:\/\/misscatou.fr\/wp-content\/uploads\/2021\/07\/IMG_3541-1024x768.jpeg\" alt=\"\" data-id=\"409\" data-full-url=\"https:\/\/misscatou.fr\/wp-content\/uploads\/2021\/07\/IMG_3541.jpeg\" data-link=\"https:\/\/misscatou.fr\/?attachment_id=409\" class=\"wp-image-409\"\/><\/figure><\/li><\/ul><\/figure>\n\n\n\n<p>Comme pour la version papier, le carr\u00e9 de contr\u00f4le de 5cm x 5cm sur les patrons permettra de contr\u00f4ler que les \u00e9chelles sont toujours correctes. <\/p>\n\n\n\n<p>Les cr\u00e9atrices de patrons de couture fran\u00e7aises proposent de plus en plus de fichier vid\u00e9oprojecteur. Lorsqu&#8217;ils sont bien con\u00e7us, ces fichiers pr\u00e9sentent toutes les pi\u00e8ces dans le droit fil, avec des calques pour les diff\u00e9rentes tailles, des traits \u00e9pais sans pointill\u00e9s, et avec des pi\u00e8ces  montr\u00e9es d\u00e9pli\u00e9es. La ligne de pli appara\u00eet \u00e0 titre indicatif et permet de ne plus obligatoirement couper au pli, ce qui peut faciliter le marquage des rep\u00e8res de montage. <\/p>\n\n\n\n<h2 class=\"wp-block-heading\">Sans fichier projecteur, on fait comment ? <\/h2>\n\n\n\n<p>L&#8217;id\u00e9al est d&#8217;avoir acc\u00e8s \u00e0 un fichier A0, il sera possible d&#8217;effectuer assez simplement des modifications dans le logiciel gratuit Inkscape. Quel type de modification : remplacer les pointill\u00e9s par des traits pleins, augmenter l&#8217;\u00e9paisseur du trait, d\u00e9placer les pi\u00e8ces pour les mettre dans le droit fil. Avec inkscape, on peut \u00e9galement jouer \u00e0 Tetris pour optimiser son plan de coupe et g\u00e2cher moins de tissu. <\/p>\n\n\n\n<p>Pour les fichiers en A4, PDFStitcher de Charlotte Curtis sera votre meilleur ami. C&#8217;est une imprimante virtuelle qui permet d&#8217;assembler les pages. On le trouve ici : <a href=\"https:\/\/github.com\/cfcurtis\/pdfstitcher\/releases\/tag\/v0.3-beta.1\" target=\"_blank\" rel=\"noreferrer noopener\">https:\/\/github.com\/cfcurtis\/pdfstitcher\/releases\/tag\/v0.3-beta.1<\/a><\/p>\n\n\n\n<p>Certains fichiers A4 seront plus compliqu\u00e9s \u00e0 travailler, c&#8217;est le cas \u00e0 ce jour de Mlle Malabar, colores la vie, Viny Diy. Ils sont con\u00e7us pour \u00e9conomiser moins de papier, il y a des pi\u00e8ces un peu dans tous les sens.<\/p>\n\n\n\n<p>Avec inkscape, il est \u00e9galement possible d&#8217;ajouter les marges de couture en quelques clics. A nous les marges de couture vite fait bien fait, c&#8217;est pas le r\u00eave ? \ud83d\ude0d<\/p>\n\n\n\n<p>Sur cette photo, j&#8217;ai mis en couleur uniquement les marges de couture. A cette \u00e9poque, je coupais encore au pli. \ud83d\ude05<\/p>\n\n\n\n<figure class=\"wp-block-image size-large\"><img decoding=\"async\" src=\"https:\/\/misscatou.fr\/wp-content\/uploads\/2021\/07\/IMG_0457-1-1024x1007.jpeg\" alt=\"\" class=\"wp-image-414\"\/><\/figure>\n\n\n\n<p>Le sujet vous int\u00e9resse apr\u00e8s cette pr\u00e9sentation dans les grandes lignes ? Rejoignez le groupe priv\u00e9 Facebook  <strong>Projection et Patrons (de couture)<\/strong>, vous y trouverez toutes les infos techniques et l&#8217;aide n\u00e9cessaire pour franchir le cap et vous lancer dans cette belle aventure.  <a href=\"https:\/\/www.facebook.com\/groups\/612018956087067\/\">https:\/\/www.facebook.com\/groups\/612018956087067\/<\/a><\/p>\n","protected":false},"excerpt":{"rendered":"<p>Vous en avez assez d&#8217;imprimer des patrons et de passer vos soir\u00e9es \u00e0 les assembler ? Sans parler de les recopier si vous souhaitez conserver les diff\u00e9rentes tailles et ajouter les marges de couture. Vous manquez de place pour stocker tout \u00e7a ? C&#8217;est le moment de basculer dans le monde num\u00e9rique de la couture [&hellip;]<\/p>\n","protected":false},"author":1,"featured_media":408,"parent":165,"menu_order":1,"comment_status":"open","ping_status":"open","template":"","meta":{"footnotes":""},"class_list":["post-405","page","type-page","status-publish","has-post-thumbnail","hentry"],"_links":{"self":[{"href":"https:\/\/www.misscatou.fr\/index.php\/wp-json\/wp\/v2\/pages\/405","targetHints":{"allow":["GET"]}}],"collection":[{"href":"https:\/\/www.misscatou.fr\/index.php\/wp-json\/wp\/v2\/pages"}],"about":[{"href":"https:\/\/www.misscatou.fr\/index.php\/wp-json\/wp\/v2\/types\/page"}],"author":[{"embeddable":true,"href":"https:\/\/www.misscatou.fr\/index.php\/wp-json\/wp\/v2\/users\/1"}],"replies":[{"embeddable":true,"href":"https:\/\/www.misscatou.fr\/index.php\/wp-json\/wp\/v2\/comments?post=405"}],"version-history":[{"count":0,"href":"https:\/\/www.misscatou.fr\/index.php\/wp-json\/wp\/v2\/pages\/405\/revisions"}],"up":[{"embeddable":true,"href":"https:\/\/www.misscatou.fr\/index.php\/wp-json\/wp\/v2\/pages\/165"}],"wp:featuredmedia":[{"embeddable":true,"href":"https:\/\/www.misscatou.fr\/index.php\/wp-json\/"}],"wp:attachment":[{"href":"https:\/\/www.misscatou.fr\/index.php\/wp-json\/wp\/v2\/media?parent=405"}],"curies":[{"name":"wp","href":"https:\/\/api.w.org\/{rel}","templated":true}]}}